{"id":71,"date":"2023-07-19T12:39:50","date_gmt":"2023-07-19T12:39:50","guid":{"rendered":"http:\/\/www.izmirsepetlivinc.com.tr\/?page_id=71"},"modified":"2023-07-20T11:41:10","modified_gmt":"2023-07-20T11:41:10","slug":"cift-kirma-vinc","status":"publish","type":"page","link":"https:\/\/www.izmirsepetlivinc.com.tr\/?page_id=71","title":{"rendered":"\u00c7ift K\u0131rma Vin\u00e7"},"content":{"rendered":"\n<p class=\"has-text-align-left\"><strong>\u00c7ift K\u0131rmal\u0131 Vin\u00e7,\u00a0tek k\u0131rma vin\u00e7lerin aksine \u00e7ok y\u00fcksek yerlerde eri\u015fim imkan\u0131 sa\u011flar ve y\u00fck ta\u015f\u0131ma i\u015flemi yapar. \u00c7ift k\u0131rma vin\u00e7lerinde \u00fc\u00e7 y\u00f6nl\u00fc hareket kabiliyeti tan\u0131mland\u0131\u011f\u0131nda \u00e7ift k\u0131rma vin\u00e7ler \u00e7ok h\u0131zl\u0131 bir \u015fekilde hareket edebilir ve hatta 360 derece ekstra d\u00f6n\u00fc\u015f \u00f6zelli\u011fi kazanabilir.<\/strong><\/p>\n\n\n\n<p><strong>Piyasa kullan\u0131m\u0131 en fazla olan vin\u00e7 \u00e7e\u015fidi, \u00e7ift k\u0131rma vin\u00e7lerin \u00f6zellikleri olduk\u00e7a fazlad\u0131r. \u00c7ift k\u0131rma vin\u00e7ler, \u00fcst\u00fcn kullan\u0131m performans\u0131 sayesinde olduk\u00e7a geni\u015f kullan\u0131m alan\u0131na sahiptir. \u00d6zellikle in\u015faatlarda, katlara ytong verme veya tu\u011fla ta\u015f\u0131ma, \u00e7at\u0131lara panel atma i\u015flerinde kullan\u0131lmakta ve g\u00fcvenli olarak katlara bu malzemeleri \u00e7\u0131karmaktad\u0131r. D\u00fczg\u00fcn ve gerekti\u011fi \u015fekilde kullan\u0131ld\u0131\u011f\u0131nda olduk\u00e7a g\u00fcvenli makinalar olup, yeni nesil \u00e7ift k\u0131rma vin\u00e7lerde moment kontrol sistemleri de dahil olmu\u015ftur.<\/strong><\/p>\n\n\n\n<p><strong>Bu sistemler sayesinde operat\u00f6r, kald\u0131rd\u0131\u011f\u0131 y\u00fck&#8217;\u00fcn tonaj\u0131n\u0131 bilmese de makinan\u0131n verece\u011fi tepki ile i\u015fi daha g\u00fcvenli bir \u015fekilde yapmaktad\u0131r. \u0130\u015f g\u00fcvenlik kurallar\u0131 gere\u011fince \u00e7o\u011fu b\u00fcy\u00fck ve kurumsal in\u015faat \u015fantiyelerinde de, moment kontrol sistemi olmayan makinalar \u00e7al\u0131\u015ft\u0131r\u0131lmamaktad\u0131r.<\/strong><\/p>\n\n\n\n<p><strong>\u00c7ift k\u0131rma vin\u00e7ler standart olarak 25 tonluk ve \u00fcst\u00fc makinalard\u0131r. Bu tonaj alt\u0131nda ki makinalara \u00e7ift k\u0131rma grubu tak\u0131lmamakta veya uygun g\u00f6r\u00fclmemektedir. 25-150 ton aras\u0131nda tonajlarda \u00fcretilen \u00e7ift k\u0131rma hiyap vin\u00e7lerde m\u00fc\u015fterilerin istekleri do\u011frultusunda da \u00fcretim yap\u0131lmaktad\u0131r.<\/strong><\/p>\n\n\n\n<p><strong>\u00c7ift k\u0131rma vin\u00e7lerin bir di\u011fer \u00f6zelli\u011finin de \u00e7ift k\u0131rma grubunun a\u011f\u0131r tonajl\u0131 y\u00fcklerde s\u00f6k\u00fclmesi ve tekrar geri montajlanmas\u0131d\u0131r. Takma ve s\u00f6kme i\u015fi ortalama 30 dakikay\u0131 bulmakta ve olduk\u00e7a kolay olmaktad\u0131r. Bu \u015fekilde belli tonajlar\u0131n \u00fczerindeki y\u00fckler i\u00e7in \u00e7ift k\u0131rma grubu s\u00f6k\u00fclmektedir.<\/strong><\/p>\n\n\n\n<p><strong>\u00c7ift k\u0131rma grubu daha fazla, \u00e7at\u0131lara malzeme verirken, y\u00fcksek katlara malzeme verirken veya yatay olarak tek k\u0131rma vin\u00e7lerin yeti\u015femedi\u011fi yerlerde kullan\u0131lmaktad\u0131r.<\/strong><\/p>\n\n\n\n<figure class=\"wp-block-image size-full is-resized\"><img loading=\"lazy\" decoding=\"async\" src=\"http:\/\/www.izmirsepetlivinc.com.tr\/wp-content\/uploads\/2023\/07\/cift-kirma-vinc-2.png\" alt=\"\" class=\"wp-image-101\" width=\"1011\" height=\"667\" srcset=\"https:\/\/www.izmirsepetlivinc.com.tr\/wp-content\/uploads\/2023\/07\/cift-kirma-vinc-2.png 890w, https:\/\/www.izmirsepetlivinc.com.tr\/wp-content\/uploads\/2023\/07\/cift-kirma-vinc-2-300x198.png 300w, https:\/\/www.izmirsepetlivinc.com.tr\/wp-content\/uploads\/2023\/07\/cift-kirma-vinc-2-768x507.png 768w\" sizes=\"auto, (max-width: 1011px) 100vw, 1011px\" \/><\/figure>\n\n\n\n<figure class=\"wp-block-gallery has-nested-images columns-default is-cropped wp-block-gallery-1 is-layout-flex wp-block-gallery-is-layout-flex\"><\/figure>\n","protected":false},"excerpt":{"rendered":"<p>\u00c7ift K\u0131rmal\u0131 Vin\u00e7,\u00a0tek k\u0131rma vin\u00e7lerin aksine \u00e7ok y\u00fcksek yerlerde eri\u015fim imkan\u0131 sa\u011flar ve y\u00fck ta\u015f\u0131ma i\u015flemi yapar. \u00c7ift k\u0131rma vin\u00e7lerinde \u00fc\u00e7 y\u00f6nl\u00fc hareket kabiliyeti tan\u0131mland\u0131\u011f\u0131nda \u00e7ift k\u0131rma vin\u00e7ler \u00e7ok h\u0131zl\u0131 bir \u015fekilde hareket edebilir ve hatta 360 derece ekstra d\u00f6n\u00fc\u015f \u00f6zelli\u011fi kazanabilir. Piyasa kullan\u0131m\u0131 en fazla olan vin\u00e7 \u00e7e\u015fidi, \u00e7ift k\u0131rma vin\u00e7lerin \u00f6zellikleri olduk\u00e7a fazlad\u0131r. [&hellip;]<\/p>\n","protected":false},"author":1,"featured_media":0,"parent":0,"menu_order":0,"comment_status":"closed","ping_status":"closed","template":"","meta":{"footnotes":""},"class_list":["post-71","page","type-page","status-publish","hentry","post"],"_links":{"self":[{"href":"https:\/\/www.izmirsepetlivinc.com.tr\/index.php?rest_route=\/wp\/v2\/pages\/71","targetHints":{"allow":["GET"]}}],"collection":[{"href":"https:\/\/www.izmirsepetlivinc.com.tr\/index.php?rest_route=\/wp\/v2\/pages"}],"about":[{"href":"https:\/\/www.izmirsepetlivinc.com.tr\/index.php?rest_route=\/wp\/v2\/types\/page"}],"author":[{"embeddable":true,"href":"https:\/\/www.izmirsepetlivinc.com.tr\/index.php?rest_route=\/wp\/v2\/users\/1"}],"replies":[{"embeddable":true,"href":"https:\/\/www.izmirsepetlivinc.com.tr\/index.php?rest_route=%2Fwp%2Fv2%2Fcomments&post=71"}],"version-history":[{"count":8,"href":"https:\/\/www.izmirsepetlivinc.com.tr\/index.php?rest_route=\/wp\/v2\/pages\/71\/revisions"}],"predecessor-version":[{"id":104,"href":"https:\/\/www.izmirsepetlivinc.com.tr\/index.php?rest_route=\/wp\/v2\/pages\/71\/revisions\/104"}],"wp:attachment":[{"href":"https:\/\/www.izmirsepetlivinc.com.tr\/index.php?rest_route=%2Fwp%2Fv2%2Fmedia&parent=71"}],"curies":[{"name":"wp","href":"https:\/\/api.w.org\/{rel}","templated":true}]}}