{"id":64,"date":"2023-07-19T12:39:18","date_gmt":"2023-07-19T12:39:18","guid":{"rendered":"http:\/\/www.izmirsepetlivinc.com.tr\/?page_id=64"},"modified":"2023-07-21T12:24:50","modified_gmt":"2023-07-21T12:24:50","slug":"mobil-vinc","status":"publish","type":"page","link":"https:\/\/www.izmirsepetlivinc.com.tr\/?page_id=64","title":{"rendered":""},"content":{"rendered":"\n<div class=\"wp-block-group alignfull has-background\" style=\"background-color:#f5eac1;padding-top:6vw;padding-right:6vw;padding-bottom:6vw;padding-left:6vw\"><div class=\"wp-block-group__inner-container is-layout-flow wp-block-group-is-layout-flow\">\n<div class=\"wp-block-group is-vertical is-nowrap is-layout-flex wp-container-core-group-is-layout-287ef9cb wp-block-group-is-layout-flex\" style=\"padding-right:0;padding-left:0\">\n<h6 class=\"wp-block-heading has-text-color\" id=\"ecosystem\" style=\"color:#000000;font-size:16px\">MOB\u0130L V\u0130N\u00c7<\/h6>\n<\/div>\n\n\n\n<div style=\"height:1vw\" aria-hidden=\"true\" class=\"wp-block-spacer\"><\/div>\n\n\n\n<div class=\"wp-block-group alignwide is-vertical is-nowrap is-layout-flex wp-container-core-group-is-layout-8171334d wp-block-group-is-layout-flex\" style=\"padding-top:0;padding-right:0;padding-bottom:0;padding-left:0\">\n<div class=\"wp-block-columns alignwide is-layout-flex wp-container-core-columns-is-layout-2656d967 wp-block-columns-is-layout-flex\">\n<div class=\"wp-block-column is-layout-flow wp-block-column-is-layout-flow\" style=\"flex-basis:33.38%\">\n<p><strong>P<a href=\"https:\/\/tr.wikipedia.org\/wiki\/Palet_(mekanik)\">aletli<\/a>&nbsp;ta\u015f\u0131y\u0131c\u0131lara veya lastik tekerlekli ta\u015f\u0131y\u0131c\u0131lara monte edilmi\u015f bir vin\u00e7 veya&nbsp;<a href=\"https:\/\/tr.wikipedia.org\/wiki\/Kamyon\">kamyon<\/a>&nbsp;tipi ta\u015f\u0131y\u0131c\u0131lara monte edilmi\u015f teleskopik silindirli veya kendinden itmeli modeller olarak \u00e7al\u0131\u015fan&nbsp;<a href=\"https:\/\/tr.wikipedia.org\/wiki\/Hidrolik\">hidrolik<\/a>&nbsp;bir&nbsp;<a href=\"https:\/\/tr.wikipedia.org\/wiki\/Vin%C3%A7\">vin\u00e7tir<\/a>.<sup><a href=\"https:\/\/tr.wikipedia.org\/wiki\/Mobil_vin%C3%A7#cite_note-1\">[1]<\/a><\/sup>&nbsp;Hidrolik vin\u00e7ler, bir sahaya kolayca ta\u015f\u0131nacak ve \u00e7ok az kurulum veya montaj olmadan farkl\u0131 tipte y\u00fck ve kargo ile birlikte kullan\u0131lmak \u00fczere tasarlanm\u0131\u015ft\u0131r.<\/strong> <strong>Mobil vin\u00e7<\/strong>,&nbsp;<a href=\"https:\/\/tr.wikipedia.org\/wiki\/Palet_(mekanik)\">paletli<\/a>&nbsp;ta\u015f\u0131y\u0131c\u0131lara veya lastik tekerlekli ta\u015f\u0131y\u0131c\u0131lara monte edilmi\u015f bir vin\u00e7 veya&nbsp;<a href=\"https:\/\/tr.wikipedia.org\/wiki\/Kamyon\">kamyon<\/a>&nbsp;tipi ta\u015f\u0131y\u0131c\u0131lara monte edilmi\u015f teleskopik silindirli veya kendinden itmeli modeller olarak \u00e7al\u0131\u015fan&nbsp;<a href=\"https:\/\/tr.wikipedia.org\/wiki\/Hidrolik\">hidrolik<\/a>&nbsp;bir&nbsp;<a href=\"https:\/\/tr.wikipedia.org\/wiki\/Vin%C3%A7\">vin\u00e7tir<\/a>.<sup><a href=\"https:\/\/tr.wikipedia.org\/wiki\/Mobil_vin%C3%A7#cite_note-1\">[1]<\/a><\/sup>&nbsp;Hidrolik vin\u00e7ler, bir sahaya kolayca ta\u015f\u0131nacak ve \u00e7ok az kurulum veya montaj olmadan farkl\u0131 tipte y\u00fck ve kargo ile birlikte kullan\u0131lmak \u00fczere tasarlanm\u0131\u015ft\u0131r.<\/p>\n<\/div>\n\n\n\n<div class=\"wp-block-column is-layout-flow wp-block-column-is-layout-flow\" style=\"flex-basis:33%\">\n<div style=\"height:2vw\" aria-hidden=\"true\" class=\"wp-block-spacer\"><\/div>\n\n\n\n<figure class=\"wp-block-image size-full\"><img loading=\"lazy\" decoding=\"async\" width=\"383\" height=\"555\" src=\"http:\/\/www.izmirsepetlivinc.com.tr\/wp-content\/uploads\/2023\/07\/sol1.jpg\" alt=\"\" class=\"wp-image-110\" srcset=\"https:\/\/www.izmirsepetlivinc.com.tr\/wp-content\/uploads\/2023\/07\/sol1.jpg 383w, https:\/\/www.izmirsepetlivinc.com.tr\/wp-content\/uploads\/2023\/07\/sol1-207x300.jpg 207w\" sizes=\"auto, (max-width: 383px) 100vw, 383px\" \/><\/figure>\n<\/div>\n\n\n\n<div class=\"wp-block-column is-layout-flow wp-block-column-is-layout-flow\" style=\"flex-basis:33.62%\">\n<figure class=\"wp-block-image size-full is-resized\"><img loading=\"lazy\" decoding=\"async\" src=\"http:\/\/www.izmirsepetlivinc.com.tr\/wp-content\/uploads\/2023\/07\/sag.jpg\" alt=\"\" class=\"wp-image-112\" width=\"320\" height=\"501\" srcset=\"https:\/\/www.izmirsepetlivinc.com.tr\/wp-content\/uploads\/2023\/07\/sag.jpg 376w, https:\/\/www.izmirsepetlivinc.com.tr\/wp-content\/uploads\/2023\/07\/sag-191x300.jpg 191w\" sizes=\"auto, (max-width: 320px) 100vw, 320px\" \/><\/figure>\n<\/div>\n<\/div>\n\n\n\n<div class=\"wp-block-columns alignwide is-layout-flex wp-container-core-columns-is-layout-724a882f wp-block-columns-is-layout-flex\">\n<div class=\"wp-block-column is-layout-flow wp-block-column-is-layout-flow\" style=\"flex-basis:69%\">\n<figure class=\"wp-block-image size-full is-resized\"><img loading=\"lazy\" decoding=\"async\" src=\"http:\/\/www.izmirsepetlivinc.com.tr\/wp-content\/uploads\/2023\/07\/mobil-vinc.jpg\" alt=\"\" class=\"wp-image-111\" width=\"462\" height=\"332\" srcset=\"https:\/\/www.izmirsepetlivinc.com.tr\/wp-content\/uploads\/2023\/07\/mobil-vinc.jpg 890w, https:\/\/www.izmirsepetlivinc.com.tr\/wp-content\/uploads\/2023\/07\/mobil-vinc-300x215.jpg 300w, https:\/\/www.izmirsepetlivinc.com.tr\/wp-content\/uploads\/2023\/07\/mobil-vinc-768x551.jpg 768w\" sizes=\"auto, (max-width: 462px) 100vw, 462px\" \/><\/figure>\n<\/div>\n\n\n\n<div class=\"wp-block-column is-vertically-aligned-center is-layout-flow wp-block-column-is-layout-flow\" style=\"flex-basis:33%\">\n<p class=\"has-text-color\" style=\"color:#000000;font-size:17px\">Sanayi devrimine kadar basit mekanikle ah\u015fap olarak in\u015fa edilen vin\u00e7ler&nbsp;<a href=\"https:\/\/tr.wikipedia.org\/wiki\/Sanayi_Devrimi\">sanayi devrimini<\/a>&nbsp;takiben d\u00f6kme demir, demir ve \u00e7elik ile yap\u0131lmaya ba\u015flanarak modern vin\u00e7lerin temelini olu\u015fturmaktad\u0131r. Bu sayede \u00e7ok daha a\u011f\u0131r y\u00fckler ta\u015f\u0131nabilmektedir.<\/p>\n\n\n\n<div style=\"height:2vw\" aria-hidden=\"true\" class=\"wp-block-spacer\"><\/div>\n<\/div>\n<\/div>\n<\/div>\n<\/div><\/div>\n","protected":false},"excerpt":{"rendered":"<p>MOB\u0130L V\u0130N\u00c7 Paletli&nbsp;ta\u015f\u0131y\u0131c\u0131lara veya lastik tekerlekli ta\u015f\u0131y\u0131c\u0131lara monte edilmi\u015f bir vin\u00e7 veya&nbsp;kamyon&nbsp;tipi ta\u015f\u0131y\u0131c\u0131lara monte edilmi\u015f teleskopik silindirli veya kendinden itmeli modeller olarak \u00e7al\u0131\u015fan&nbsp;hidrolik&nbsp;bir&nbsp;vin\u00e7tir.[1]&nbsp;Hidrolik vin\u00e7ler, bir sahaya kolayca ta\u015f\u0131nacak ve \u00e7ok az kurulum veya montaj olmadan farkl\u0131 tipte y\u00fck ve kargo ile birlikte kullan\u0131lmak \u00fczere tasarlanm\u0131\u015ft\u0131r. Mobil vin\u00e7,&nbsp;paletli&nbsp;ta\u015f\u0131y\u0131c\u0131lara veya lastik tekerlekli ta\u015f\u0131y\u0131c\u0131lara monte edilmi\u015f bir vin\u00e7 [&hellip;]<\/p>\n","protected":false},"author":1,"featured_media":0,"parent":0,"menu_order":0,"comment_status":"closed","ping_status":"closed","template":"","meta":{"footnotes":""},"class_list":["post-64","page","type-page","status-publish","hentry","post"],"_links":{"self":[{"href":"https:\/\/www.izmirsepetlivinc.com.tr\/index.php?rest_route=\/wp\/v2\/pages\/64","targetHints":{"allow":["GET"]}}],"collection":[{"href":"https:\/\/www.izmirsepetlivinc.com.tr\/index.php?rest_route=\/wp\/v2\/pages"}],"about":[{"href":"https:\/\/www.izmirsepetlivinc.com.tr\/index.php?rest_route=\/wp\/v2\/types\/page"}],"author":[{"embeddable":true,"href":"https:\/\/www.izmirsepetlivinc.com.tr\/index.php?rest_route=\/wp\/v2\/users\/1"}],"replies":[{"embeddable":true,"href":"https:\/\/www.izmirsepetlivinc.com.tr\/index.php?rest_route=%2Fwp%2Fv2%2Fcomments&post=64"}],"version-history":[{"count":12,"href":"https:\/\/www.izmirsepetlivinc.com.tr\/index.php?rest_route=\/wp\/v2\/pages\/64\/revisions"}],"predecessor-version":[{"id":139,"href":"https:\/\/www.izmirsepetlivinc.com.tr\/index.php?rest_route=\/wp\/v2\/pages\/64\/revisions\/139"}],"wp:attachment":[{"href":"https:\/\/www.izmirsepetlivinc.com.tr\/index.php?rest_route=%2Fwp%2Fv2%2Fmedia&parent=64"}],"curies":[{"name":"wp","href":"https:\/\/api.w.org\/{rel}","templated":true}]}}