{"id":62,"date":"2023-07-19T12:39:18","date_gmt":"2023-07-19T12:39:18","guid":{"rendered":"http:\/\/www.izmirsepetlivinc.com.tr\/?page_id=62"},"modified":"2023-08-03T13:01:35","modified_gmt":"2023-08-03T13:01:35","slug":"hizmetler","status":"publish","type":"page","link":"https:\/\/www.izmirsepetlivinc.com.tr\/?page_id=62","title":{"rendered":"Hizmetler"},"content":{"rendered":"\n<div class=\"wp-block-columns alignwide is-layout-flex wp-container-core-columns-is-layout-829b1d53 wp-block-columns-is-layout-flex\" style=\"margin-bottom:0\">\n<div class=\"wp-block-column has-text-color has-background has-link-color wp-elements-8e70ef14500935f07985ed3b3d439975 is-layout-flow wp-block-column-is-layout-flow\" style=\"color:#000000;background-color:#ffe97d;padding-top:2em;padding-right:2em;padding-bottom:2em;padding-left:2em\">\n<h2 class=\"wp-block-heading\" id=\"single\" style=\"font-size:40px\"><strong><a href=\"https:\/\/www.izmirsepetlivinc.com.tr\/?page_id=64\">Mobil Vin\u00e7<\/a><\/strong><\/h2>\n\n\n\n<p class=\"has-normal-font-size\" style=\"line-height:1.5\">G\u00fcncel fiyat bilgisi i\u00e7in l\u00fctfen taraf\u0131m\u0131z ile ileti\u015fime ge\u00e7iniz.<\/p>\n\n\n\n<hr class=\"wp-block-separator has-css-opacity is-style-wide\"\/>\n\n\n\n<ul class=\"has-normal-font-size wp-block-list\">\n<li>M\u00fc\u015fteri Memnuniyeti<\/li>\n\n\n\n<li>Ugun Fiyat<\/li>\n\n\n\n<li>Kaliteli Hizmet<\/li>\n\n\n\n<li>G\u00fcvenirlilik<\/li>\n\n\n\n<li>7\/24 Hizmet Sa\u011flama<\/li>\n\n\n\n<li>Tecr\u00fcbeli Ekip<\/li>\n<\/ul>\n\n\n\n<div class=\"wp-block-buttons alignfull is-horizontal is-content-justification-center is-layout-flex wp-container-core-buttons-is-layout-499968f5 wp-block-buttons-is-layout-flex\">\n<div class=\"wp-block-button has-custom-width wp-block-button__width-100\"><a class=\"wp-block-button__link has-white-color has-text-color has-background no-border-radius wp-element-button\" style=\"background-color:#000000\">0530 510 83 03<\/a><\/div>\n<\/div>\n<\/div>\n\n\n\n<div class=\"wp-block-column has-text-color has-background has-link-color wp-elements-7a0da8b7d81a6e0ed74f59cd8de7a79d is-layout-flow wp-block-column-is-layout-flow\" style=\"color:#000000;background-color:#d1d1e1;padding-top:2em;padding-right:2em;padding-bottom:2em;padding-left:2em\">\n<h2 class=\"wp-block-heading has-text-align-left\" id=\"family\" style=\"font-size:40px\"><strong><a href=\"https:\/\/www.izmirsepetlivinc.com.tr\/?page_id=71\">\u00c7ift K\u0131rma Vin\u00e7<\/a><\/strong><\/h2>\n\n\n\n<p class=\"has-normal-font-size\" style=\"line-height:1.5\">G\u00fcncel fiyat bilgisi i\u00e7in l\u00fctfen taraf\u0131m\u0131z ile ileti\u015fime ge\u00e7iniz.<\/p>\n\n\n\n<hr class=\"wp-block-separator has-css-opacity is-style-wide\"\/>\n\n\n\n<ul class=\"has-normal-font-size wp-block-list\">\n<li>M\u00fc\u015fteri Memnuniyeti<\/li>\n\n\n\n<li>Ugun Fiyat<\/li>\n\n\n\n<li>Kaliteli Hizmet<\/li>\n\n\n\n<li>G\u00fcvenirlilik<\/li>\n\n\n\n<li>7\/24 Hizmet Sa\u011flama<\/li>\n\n\n\n<li>Tecr\u00fcbeli Ekip<\/li>\n<\/ul>\n\n\n\n<div class=\"wp-block-buttons alignfull is-horizontal is-content-justification-center is-layout-flex wp-container-core-buttons-is-layout-499968f5 wp-block-buttons-is-layout-flex\">\n<div class=\"wp-block-button has-custom-width wp-block-button__width-100 is-style-fill\"><a class=\"wp-block-button__link has-white-color has-text-color has-background no-border-radius wp-element-button\" style=\"background-color:#000000\">0530 510 83 03<\/a><\/div>\n<\/div>\n<\/div>\n\n\n\n<div class=\"wp-block-column has-text-color has-background has-link-color wp-elements-b74e1c3918337d45b34fecb22e2ec9ad is-layout-flow wp-block-column-is-layout-flow\" style=\"color:#000000;background-color:#c0ebf1;padding-top:2em;padding-right:2em;padding-bottom:2em;padding-left:2em\">\n<h2 class=\"wp-block-heading\" id=\"patron\" style=\"font-size:40px\"><strong><a href=\"https:\/\/www.izmirsepetlivinc.com.tr\/?page_id=126\">Sepetli Vin\u00e7<\/a><\/strong><\/h2>\n\n\n\n<p class=\"has-normal-font-size\">G\u00fcncel fiyat bilgisi i\u00e7in l\u00fctfen taraf\u0131m\u0131z ile ileti\u015fime ge\u00e7iniz.<\/p>\n\n\n\n<hr class=\"wp-block-separator has-css-opacity is-style-wide\"\/>\n\n\n\n<ul class=\"has-normal-font-size wp-block-list\">\n<li>M\u00fc\u015fteri Memnuniyeti<\/li>\n\n\n\n<li>Ugun Fiyat<\/li>\n\n\n\n<li>Kaliteli Hizmet<\/li>\n\n\n\n<li>G\u00fcvenirlilik<\/li>\n\n\n\n<li>7\/24 Hizmet Sa\u011flama<\/li>\n\n\n\n<li>Tecr\u00fcbeli Ekip<\/li>\n<\/ul>\n\n\n\n<div class=\"wp-block-buttons alignfull is-horizontal is-content-justification-center is-layout-flex wp-container-core-buttons-is-layout-499968f5 wp-block-buttons-is-layout-flex\">\n<div class=\"wp-block-button has-custom-width wp-block-button__width-100\"><a class=\"wp-block-button__link has-white-color has-text-color has-background no-border-radius wp-element-button\" style=\"background-color:#000000\">0530 510 83 03<\/a><\/div>\n<\/div>\n<\/div>\n<\/div>\n","protected":false},"excerpt":{"rendered":"<p>Mobil Vin\u00e7 G\u00fcncel fiyat bilgisi i\u00e7in l\u00fctfen taraf\u0131m\u0131z ile ileti\u015fime ge\u00e7iniz. \u00c7ift K\u0131rma Vin\u00e7 G\u00fcncel fiyat bilgisi i\u00e7in l\u00fctfen taraf\u0131m\u0131z ile ileti\u015fime ge\u00e7iniz. Sepetli Vin\u00e7 G\u00fcncel fiyat bilgisi i\u00e7in l\u00fctfen taraf\u0131m\u0131z ile ileti\u015fime ge\u00e7iniz.<\/p>\n","protected":false},"author":1,"featured_media":0,"parent":0,"menu_order":0,"comment_status":"closed","ping_status":"closed","template":"","meta":{"footnotes":""},"class_list":["post-62","page","type-page","status-publish","hentry","post"],"_links":{"self":[{"href":"https:\/\/www.izmirsepetlivinc.com.tr\/index.php?rest_route=\/wp\/v2\/pages\/62","targetHints":{"allow":["GET"]}}],"collection":[{"href":"https:\/\/www.izmirsepetlivinc.com.tr\/index.php?rest_route=\/wp\/v2\/pages"}],"about":[{"href":"https:\/\/www.izmirsepetlivinc.com.tr\/index.php?rest_route=\/wp\/v2\/types\/page"}],"author":[{"embeddable":true,"href":"https:\/\/www.izmirsepetlivinc.com.tr\/index.php?rest_route=\/wp\/v2\/users\/1"}],"replies":[{"embeddable":true,"href":"https:\/\/www.izmirsepetlivinc.com.tr\/index.php?rest_route=%2Fwp%2Fv2%2Fcomments&post=62"}],"version-history":[{"count":11,"href":"https:\/\/www.izmirsepetlivinc.com.tr\/index.php?rest_route=\/wp\/v2\/pages\/62\/revisions"}],"predecessor-version":[{"id":198,"href":"https:\/\/www.izmirsepetlivinc.com.tr\/index.php?rest_route=\/wp\/v2\/pages\/62\/revisions\/198"}],"wp:attachment":[{"href":"https:\/\/www.izmirsepetlivinc.com.tr\/index.php?rest_route=%2Fwp%2Fv2%2Fmedia&parent=62"}],"curies":[{"name":"wp","href":"https:\/\/api.w.org\/{rel}","templated":true}]}}