{"id":2,"date":"2023-07-11T14:51:51","date_gmt":"2023-07-11T14:51:51","guid":{"rendered":"http:\/\/www.izmirsepetlivinc.com.tr\/?page_id=2"},"modified":"2023-08-03T12:04:37","modified_gmt":"2023-08-03T12:04:37","slug":"sample-page","status":"publish","type":"page","link":"https:\/\/www.izmirsepetlivinc.com.tr\/?page_id=2","title":{"rendered":"Hakk\u0131m\u0131zda"},"content":{"rendered":"\n<figure class=\"wp-block-image alignfull size-large\"><img loading=\"lazy\" decoding=\"async\" width=\"1024\" height=\"287\" src=\"http:\/\/www.izmirsepetlivinc.com.tr\/wp-content\/uploads\/2023\/08\/kalite-1024x287.jpg\" alt=\"\" class=\"wp-image-176\" srcset=\"https:\/\/www.izmirsepetlivinc.com.tr\/wp-content\/uploads\/2023\/08\/kalite-1024x287.jpg 1024w, https:\/\/www.izmirsepetlivinc.com.tr\/wp-content\/uploads\/2023\/08\/kalite-300x84.jpg 300w, https:\/\/www.izmirsepetlivinc.com.tr\/wp-content\/uploads\/2023\/08\/kalite-768x215.jpg 768w, https:\/\/www.izmirsepetlivinc.com.tr\/wp-content\/uploads\/2023\/08\/kalite.jpg 1280w\" sizes=\"auto, (max-width: 1024px) 100vw, 1024px\" \/><\/figure>\n\n\n\n<p>Vin\u00e7 kiralama hizmetleri, geli\u015fen teknolojiye uyumlu ve paralel olarak zaman i\u00e7erisinde geli\u015fimine devam etmi\u015f, ayr\u0131ca gereksinimlerin artmas\u0131 sonucunda \u00e7e\u015fitli vin\u00e7 modelleri ortaya \u00e7\u0131km\u0131\u015ft\u0131r. <\/p>\n\n\n\n<p>\u0130nsano\u011flunun ihtiya\u00e7 gereksinimlerinin oldu\u011fu s\u00fcrece de bu geli\u015fim devam edecektir. \u00d6zellikle a\u011f\u0131r sanayi ba\u015fta olmak \u00fczere, fabrikalar\u0131n kurulum ve ta\u015f\u0131nmalar\u0131nda, \u00e7ok a\u011f\u0131r makina ve te\u00e7hizatlar\u0131n kald\u0131r\u0131lma, kurulum ve ta\u015f\u0131nmalar\u0131nda, tersane ve gemilerin y\u00fckleme-bo\u015falt\u0131lmas\u0131nda, reklam ve elektrik direklerinin montaj\u0131nda, in\u015faat sekt\u00f6r\u00fcnde ve yol yard\u0131m gibi bir \u00e7ok konuda kullan\u0131lan vin\u00e7ler, art\u0131k g\u00fcnl\u00fck ya\u015fant\u0131m\u0131zda olmazsa olmazlar\u0131m\u0131z aras\u0131na girmi\u015ftir. <\/p>\n\n\n\n<p>Biz <strong>Vedat Vin\u00e7<\/strong> olarak ba\u015fta \u0130zmir ve il\u00e7eleri olmak \u00fczere, \u0130zmir \u00e7evresinde vin\u00e7 kiralama hizmetleri vermekteyiz. B\u00fcnyemizde bar\u0131nd\u0131rd\u0131\u011f\u0131m\u0131z, sepetli, bomlu, teleskopik ve makasl\u0131 vin\u00e7 \u00e7e\u015fitleri ile haftan\u0131n 7 g\u00fcn &#8211; 24 saati hi\u00e7 durmadan kesintisiz olarak hizmet vermekteyiz. <\/p>\n\n\n\n<p>\u0130zmir Vin\u00e7 Kiralama Hizmetleri olarak, vin\u00e7 hizmetlerini sunarken, m\u00fc\u015fteri memnuniyetini asla elden b\u0131rakmadan, b\u00fct\u00e7esel ekonomik fiyat politikam\u0131z ile \u00e7al\u0131\u015fmalar\u0131m\u0131z\u0131 y\u00fcr\u00fctmekteyiz. 1 (bir) tondan &#8211; 300 (\u00fc\u00e7y\u00fcz) tona kadar a\u011f\u0131rl\u0131k kald\u0131ran son sistem vin\u00e7 yelpazemiz ile ve konusunda uzman profesyonel kadromuz ile hizmet sa\u011flamaktay\u0131z. <\/p>\n\n\n\n<p>\u0130zmir ve \u00e7evresinde vin\u00e7 ve yol yard\u0131m gibi konularda deste\u011fe ihtiyac\u0131n\u0131z olursa \u00e7ekinmeden firmam\u0131z Vedat Vin\u00e7&#8217;i arayabilir, profesyonel vin\u00e7 ve yol yard\u0131m gibi t\u00fcm hizmetlerimizden faydalanabilirsiniz. Biliniz ki, \u0130zmir Vin\u00e7 Kiralama olarak sizlere en iyi vin\u00e7 hizmetini, en cazip fiyat politikas\u0131 ile sunaca\u011f\u0131m\u0131zdan emin olabilirsiniz.<br><strong><em>\u0130zmir Vin\u00e7 Kiralama : 0530 510 83 03 \/ 0 534 229 28 02<\/em><\/strong><\/p>\n","protected":false},"excerpt":{"rendered":"<p>Vin\u00e7 kiralama hizmetleri, geli\u015fen teknolojiye uyumlu ve paralel olarak zaman i\u00e7erisinde geli\u015fimine devam etmi\u015f, ayr\u0131ca gereksinimlerin artmas\u0131 sonucunda \u00e7e\u015fitli vin\u00e7 modelleri ortaya \u00e7\u0131km\u0131\u015ft\u0131r. \u0130nsano\u011flunun ihtiya\u00e7 gereksinimlerinin oldu\u011fu s\u00fcrece de bu geli\u015fim devam edecektir. \u00d6zellikle a\u011f\u0131r sanayi ba\u015fta olmak \u00fczere, fabrikalar\u0131n kurulum ve ta\u015f\u0131nmalar\u0131nda, \u00e7ok a\u011f\u0131r makina ve te\u00e7hizatlar\u0131n kald\u0131r\u0131lma, kurulum ve ta\u015f\u0131nmalar\u0131nda, tersane ve gemilerin [&hellip;]<\/p>\n","protected":false},"author":1,"featured_media":0,"parent":0,"menu_order":0,"comment_status":"closed","ping_status":"open","template":"","meta":{"footnotes":""},"class_list":["post-2","page","type-page","status-publish","hentry","post"],"_links":{"self":[{"href":"https:\/\/www.izmirsepetlivinc.com.tr\/index.php?rest_route=\/wp\/v2\/pages\/2","targetHints":{"allow":["GET"]}}],"collection":[{"href":"https:\/\/www.izmirsepetlivinc.com.tr\/index.php?rest_route=\/wp\/v2\/pages"}],"about":[{"href":"https:\/\/www.izmirsepetlivinc.com.tr\/index.php?rest_route=\/wp\/v2\/types\/page"}],"author":[{"embeddable":true,"href":"https:\/\/www.izmirsepetlivinc.com.tr\/index.php?rest_route=\/wp\/v2\/users\/1"}],"replies":[{"embeddable":true,"href":"https:\/\/www.izmirsepetlivinc.com.tr\/index.php?rest_route=%2Fwp%2Fv2%2Fcomments&post=2"}],"version-history":[{"count":7,"href":"https:\/\/www.izmirsepetlivinc.com.tr\/index.php?rest_route=\/wp\/v2\/pages\/2\/revisions"}],"predecessor-version":[{"id":182,"href":"https:\/\/www.izmirsepetlivinc.com.tr\/index.php?rest_route=\/wp\/v2\/pages\/2\/revisions\/182"}],"wp:attachment":[{"href":"https:\/\/www.izmirsepetlivinc.com.tr\/index.php?rest_route=%2Fwp%2Fv2%2Fmedia&parent=2"}],"curies":[{"name":"wp","href":"https:\/\/api.w.org\/{rel}","templated":true}]}}