{"id":130,"date":"2023-07-21T11:37:49","date_gmt":"2023-07-21T11:37:49","guid":{"rendered":"http:\/\/www.izmirsepetlivinc.com.tr\/?page_id=130"},"modified":"2023-07-31T14:07:03","modified_gmt":"2023-07-31T14:07:03","slug":"ana-sayfa","status":"publish","type":"page","link":"https:\/\/www.izmirsepetlivinc.com.tr\/","title":{"rendered":"Ana Sayfa"},"content":{"rendered":"<div id=\"pl-130\"  class=\"panel-layout\" ><div id=\"pg-130-0\"  class=\"panel-grid panel-no-style\" ><div id=\"pgc-130-0-0\"  class=\"panel-grid-cell\" ><div id=\"panel-130-0-0-0\" class=\"so-panel widget widget_circleicon-widget panel-first-child panel-last-child\" data-index=\"0\" >\t\t<div class=\"circle-icon-box circle-icon-position-top circle-icon-hide-box circle-icon-size-small \">\n\t\t\t\t\t\t\t<div class=\"circle-icon-wrapper\">\n\t\t\t\t\t\t\t\t\t\t<div class=\"circle-icon\" >\n\t\t\t\t\t\t\t\t\t\t\t\t\t<div\n\t\t\t\t\t\t\t\tclass=\"fa fa-check-circle-o\"\n\t\t\t\t\t\t\t\t\t\t\t\t\t\t\t><\/div>\n\t\t\t\t\t\t\t\t\t\t\t<\/div>\n\t\t\t\t\t\t\t\t\t<\/div>\n\t\t\t\n\t\t\t\t\t\t\t\t\t\t<h4 >\n\t\t\t\t\tM\u00dc\u015eTER\u0130 MEMNUN\u0130YET\u0130\t\t\t\t<\/h4>\n\t\t\t\t\t\t\n\t\t\t\t\t\t\t<p class=\"text\" >\n\t\t\t\t\u015eirketimizin ba\u015far\u0131lar\u0131n\u0131n \u00f6nemli bir g\u00f6stergesidir. M\u00fc\u015fterilerimizi memnun etmenin en \u00f6nemli yolu, \u2018insan-odakl\u0131 bir pazarlama felsefesini\u2019 benimsememizdir.\t\t\t<\/p>\n\t\t\t\t\t\t\t\t\t\t<a\n\t\t\t\t\thref=\"#\"\n\t\t\t\t\tclass=\"more-button\"\n\t\t\t\t\t\t\t\t\t>\n\t\t\t\t\t 0530 510 83 03\t\t\t\t\t<i><\/i>\n\t\t\t\t<\/a>\n\t\t\t\t\t<\/div>\n\t\t<\/div><\/div><div id=\"pgc-130-0-1\"  class=\"panel-grid-cell\" ><div id=\"panel-130-0-1-0\" class=\"so-panel widget widget_circleicon-widget panel-first-child panel-last-child\" data-index=\"1\" >\t\t<div class=\"circle-icon-box circle-icon-position-top circle-icon-hide-box circle-icon-size-small \">\n\t\t\t\t\t\t\t<div class=\"circle-icon-wrapper\">\n\t\t\t\t\t\t\t\t\t\t<div class=\"circle-icon\" >\n\t\t\t\t\t\t\t\t\t\t\t\t\t<div\n\t\t\t\t\t\t\t\tclass=\"fa fa-pencil-square-o\"\n\t\t\t\t\t\t\t\t\t\t\t\t\t\t\t><\/div>\n\t\t\t\t\t\t\t\t\t\t\t<\/div>\n\t\t\t\t\t\t\t\t\t<\/div>\n\t\t\t\n\t\t\t\t\t\t\t\t\t\t<h4 >\n\t\t\t\t\tG\u00dcVEN\u0130L\u0130RL\u0130K\t\t\t\t<\/h4>\n\t\t\t\t\t\t\n\t\t\t\t\t\t\t<p class=\"text\" >\n\t\t\t\tBilgimize, karakterimize ve sayg\u0131nl\u0131\u011f\u0131m\u0131za g\u00f6re uzmanl\u0131k alan\u0131m\u0131z olan vin\u00e7 sekt\u00f6r\u00fcnde \"G\u00dcVEN\u0130RL\u0130L\u0130K\" m\u00fc\u015fterilerimiz i\u00e7in odak noktam\u0131zd\u0131r.\t\t\t<\/p>\n\t\t\t\t\t\t\t\t\t\t<a\n\t\t\t\t\thref=\"#\"\n\t\t\t\t\tclass=\"more-button\"\n\t\t\t\t\t\t\t\t\t>\n\t\t\t\t\t 0530 510 83 03\t\t\t\t\t<i><\/i>\n\t\t\t\t<\/a>\n\t\t\t\t\t<\/div>\n\t\t<\/div><\/div><div id=\"pgc-130-0-2\"  class=\"panel-grid-cell\" ><div id=\"panel-130-0-2-0\" class=\"so-panel widget widget_circleicon-widget panel-first-child panel-last-child\" data-index=\"2\" >\t\t<div class=\"circle-icon-box circle-icon-position-top circle-icon-hide-box circle-icon-size-small \">\n\t\t\t\t\t\t\t<div class=\"circle-icon-wrapper\">\n\t\t\t\t\t\t\t\t\t\t<div class=\"circle-icon\" >\n\t\t\t\t\t\t\t\t\t\t\t\t\t<div\n\t\t\t\t\t\t\t\tclass=\"fa fa-clock-o\"\n\t\t\t\t\t\t\t\t\t\t\t\t\t\t\t><\/div>\n\t\t\t\t\t\t\t\t\t\t\t<\/div>\n\t\t\t\t\t\t\t\t\t<\/div>\n\t\t\t\n\t\t\t\t\t\t\t\t\t\t<h4 >\n\t\t\t\t\t7\/24 H\u0130ZMET &amp; UYGUN F\u0130YAT\t\t\t\t<\/h4>\n\t\t\t\t\t\t\n\t\t\t\t\t\t\t<p class=\"text\" >\n\t\t\t\t\u0130zmir b\u00f6lgesi ve \u00e7evre illerde 7\/24, uygun fiyat ko\u015fullar\u0131 ile, siz de\u011ferli m\u00fc\u015fterilerimize kaliteli ve tecr\u00fcbeli kadromuz ile hizmet sa\u011flamaktay\u0131z.\t\t\t<\/p>\n\t\t\t\t\t\t\t\t\t\t<a\n\t\t\t\t\thref=\"#\"\n\t\t\t\t\tclass=\"more-button\"\n\t\t\t\t\t\t\t\t\t>\n\t\t\t\t\t 0530 510 83 03\t\t\t\t\t<i><\/i>\n\t\t\t\t<\/a>\n\t\t\t\t\t<\/div>\n\t\t<\/div><\/div><\/div><div id=\"pg-130-1\"  class=\"panel-grid panel-no-style\" ><div id=\"pgc-130-1-0\"  class=\"panel-grid-cell\" ><div id=\"panel-130-1-0-0\" class=\"so-panel widget widget_sow-editor panel-first-child panel-last-child\" data-index=\"3\" ><div class=\"panel-widget-style panel-widget-style-for-130-1-0-0\" ><div\n\t\t\t\n\t\t\tclass=\"so-widget-sow-editor so-widget-sow-editor-base\"\n\t\t\t\n\t\t>\n<div class=\"siteorigin-widget-tinymce textwidget\">\n\t<h2 style=\"text-align: center;\"><span style=\"color: #ffffff;\"><strong>H\u0130ZMET NOKTALARIMIZ<\/strong><\/span><\/h2>\n<\/div>\n<\/div><\/div><\/div><\/div><\/div><div id=\"pg-130-2\"  class=\"panel-grid panel-no-style\" ><div id=\"pgc-130-2-0\"  class=\"panel-grid-cell\" ><div id=\"panel-130-2-0-0\" class=\"so-panel widget widget_sow-editor panel-first-child panel-last-child\" data-index=\"4\" ><div\n\t\t\t\n\t\t\tclass=\"so-widget-sow-editor so-widget-sow-editor-base\"\n\t\t\t\n\t\t>\n<div class=\"siteorigin-widget-tinymce textwidget\">\n\t<ul>\n<li style=\"text-align: left;\"><strong>\u0130zmir Vin\u00e7 Kiralama<\/strong><\/li>\n<li><strong>Ali\u011fa Vin\u00e7 Kiralama<\/strong><\/li>\n<li><strong>Bal\u00e7ova Vin\u00e7 Kiralama<\/strong><\/li>\n<li><strong>Bayrakl\u0131 Vin\u00e7 Kiralama<\/strong><\/li>\n<li><strong>Bergama Vin\u00e7 Kiralama<\/strong><\/li>\n<li style=\"text-align: left;\"><strong>Seferihisar Vin\u00e7 Kiralama<\/strong><\/li>\n<li><strong>Sel\u00e7uk Vin\u00e7 Kiralama<\/strong><\/li>\n<\/ul>\n<\/div>\n<\/div><\/div><\/div><div id=\"pgc-130-2-1\"  class=\"panel-grid-cell\" ><div id=\"panel-130-2-1-0\" class=\"so-panel widget widget_sow-editor panel-first-child panel-last-child\" data-index=\"5\" ><div\n\t\t\t\n\t\t\tclass=\"so-widget-sow-editor so-widget-sow-editor-base\"\n\t\t\t\n\t\t>\n<div class=\"siteorigin-widget-tinymce textwidget\">\n\t<ul>\n<li><strong>Bornova Vin\u00e7 Kiralama<\/strong><\/li>\n<li><strong>Buca Vin\u00e7 Kiralama<\/strong><\/li>\n<li><strong>\u00c7e\u015fme Vin\u00e7 Kiralama<\/strong><\/li>\n<li><strong>\u00c7i\u011fli Vin\u00e7 Kiralama<\/strong><\/li>\n<li><strong>Urla Vin\u00e7 Kiralama<\/strong><\/li>\n<li><strong>Dikili Vin\u00e7 Kiralama<\/strong><\/li>\n<li><strong>Fo\u00e7a Vin\u00e7 Kiralama<\/strong><\/li>\n<\/ul>\n<\/div>\n<\/div><\/div><\/div><div id=\"pgc-130-2-2\"  class=\"panel-grid-cell\" ><div id=\"panel-130-2-2-0\" class=\"so-panel widget widget_sow-editor panel-first-child panel-last-child\" data-index=\"6\" ><div\n\t\t\t\n\t\t\tclass=\"so-widget-sow-editor so-widget-sow-editor-base\"\n\t\t\t\n\t\t>\n<div class=\"siteorigin-widget-tinymce textwidget\">\n\t<ul>\n<li><strong>Gaziemir Vin\u00e7 Kiralama<\/strong><\/li>\n<li><strong>G\u00fczelbah\u00e7e Vin\u00e7 Kiralama<\/strong><\/li>\n<li><strong>Karaba\u011flar Vin\u00e7 Kiralama<\/strong><\/li>\n<li><strong>Torbal\u0131 Vin\u00e7 Kiralama<\/strong><\/li>\n<li><strong>Karaburun Vin\u00e7 Kiralama<\/strong><\/li>\n<li><strong>Kar\u015f\u0131yaka Vin\u00e7 Kiralama<\/strong><\/li>\n<li><strong>Kemalpa\u015fa Vin\u00e7 Kiralama<\/strong><\/li>\n<\/ul>\n<\/div>\n<\/div><\/div><\/div><div id=\"pgc-130-2-3\"  class=\"panel-grid-cell\" ><div id=\"panel-130-2-3-0\" class=\"so-panel widget widget_sow-editor panel-first-child panel-last-child\" data-index=\"7\" ><div\n\t\t\t\n\t\t\tclass=\"so-widget-sow-editor so-widget-sow-editor-base\"\n\t\t\t\n\t\t>\n<div class=\"siteorigin-widget-tinymce textwidget\">\n\t<ul>\n<li><strong>Kiraz Vin\u00e7 Kiralama<\/strong><\/li>\n<li><strong>Tire Vin\u00e7 Kiralama<\/strong><\/li>\n<li><strong>Konak Vin\u00e7 Kiralama<\/strong><\/li>\n<li><strong>Menderes Vin\u00e7 Kiralama<\/strong><\/li>\n<li><strong>Menemen Vin\u00e7 Kiralama<\/strong><\/li>\n<li><strong>Narl\u0131dere Vin\u00e7 Kiralama<\/strong><\/li>\n<li><strong>\u00d6demi\u015f Vin\u00e7 Kiralama<\/strong><\/li>\n<\/ul>\n<\/div>\n<\/div><\/div><\/div><\/div><\/div>","protected":false},"excerpt":{"rendered":"<p>H\u0130ZMET NOKTALARIMIZ<\/p>\n","protected":false},"author":1,"featured_media":0,"parent":0,"menu_order":0,"comment_status":"closed","ping_status":"closed","template":"home-panels.php","meta":{"footnotes":""},"class_list":["post-130","page","type-page","status-publish","hentry","post"],"_links":{"self":[{"href":"https:\/\/www.izmirsepetlivinc.com.tr\/index.php?rest_route=\/wp\/v2\/pages\/130","targetHints":{"allow":["GET"]}}],"collection":[{"href":"https:\/\/www.izmirsepetlivinc.com.tr\/index.php?rest_route=\/wp\/v2\/pages"}],"about":[{"href":"https:\/\/www.izmirsepetlivinc.com.tr\/index.php?rest_route=\/wp\/v2\/types\/page"}],"author":[{"embeddable":true,"href":"https:\/\/www.izmirsepetlivinc.com.tr\/index.php?rest_route=\/wp\/v2\/users\/1"}],"replies":[{"embeddable":true,"href":"https:\/\/www.izmirsepetlivinc.com.tr\/index.php?rest_route=%2Fwp%2Fv2%2Fcomments&post=130"}],"version-history":[{"count":16,"href":"https:\/\/www.izmirsepetlivinc.com.tr\/index.php?rest_route=\/wp\/v2\/pages\/130\/revisions"}],"predecessor-version":[{"id":166,"href":"https:\/\/www.izmirsepetlivinc.com.tr\/index.php?rest_route=\/wp\/v2\/pages\/130\/revisions\/166"}],"wp:attachment":[{"href":"https:\/\/www.izmirsepetlivinc.com.tr\/index.php?rest_route=%2Fwp%2Fv2%2Fmedia&parent=130"}],"curies":[{"name":"wp","href":"https:\/\/api.w.org\/{rel}","templated":true}]}}