{"id":126,"date":"2023-07-20T12:53:31","date_gmt":"2023-07-20T12:53:31","guid":{"rendered":"http:\/\/www.izmirsepetlivinc.com.tr\/?page_id=126"},"modified":"2023-08-03T13:07:59","modified_gmt":"2023-08-03T13:07:59","slug":"sepetli-vinc-hizmetleri","status":"publish","type":"page","link":"https:\/\/www.izmirsepetlivinc.com.tr\/?page_id=126","title":{"rendered":"Sepetli Vin\u00e7 Hizmetleri"},"content":{"rendered":"\n<div class=\"wp-block-media-text alignwide has-media-on-the-right is-stacked-on-mobile is-vertically-aligned-center has-background\" style=\"background-color:#f1f5c7\"><div class=\"wp-block-media-text__content\">\n<div class=\"wp-block-group\" style=\"padding-top:2em;padding-right:2em;padding-bottom:2em;padding-left:2em\"><div class=\"wp-block-group__inner-container is-layout-flow wp-block-group-is-layout-flow\">\n<p style=\"font-size:24px;line-height:1.2\"><p style=\"font-size:20px;line-height:1.2\">B\u00fcnyemizde bar\u0131nd\u0131rd\u0131\u011f\u0131m\u0131z, sepetli, bomlu, teleskopik ve makasl\u0131 vin\u00e7 \u00e7e\u015fitleri ile haftan\u0131n 7 g\u00fcn &#8211; 24 saati hi\u00e7 durmadan kesintisiz olarak \u0130zmir b\u00f6lge halk\u0131na ve komplike i\u015f yerlerine hizmet vermekteyiz.<\/p><\/p>\n<\/div><\/div>\n<\/div><figure class=\"wp-block-media-text__media\"><img loading=\"lazy\" decoding=\"async\" width=\"1024\" height=\"427\" src=\"http:\/\/www.izmirsepetlivinc.com.tr\/wp-content\/uploads\/2023\/07\/slider1-1024x427.jpg\" alt=\"\" class=\"wp-image-135 size-full\" srcset=\"https:\/\/www.izmirsepetlivinc.com.tr\/wp-content\/uploads\/2023\/07\/slider1-1024x427.jpg 1024w, https:\/\/www.izmirsepetlivinc.com.tr\/wp-content\/uploads\/2023\/07\/slider1-300x125.jpg 300w, https:\/\/www.izmirsepetlivinc.com.tr\/wp-content\/uploads\/2023\/07\/slider1-768x320.jpg 768w, https:\/\/www.izmirsepetlivinc.com.tr\/wp-content\/uploads\/2023\/07\/slider1.jpg 1200w\" sizes=\"auto, (max-width: 1024px) 100vw, 1024px\" \/><\/figure><\/div>\n\n\n\n<div class=\"wp-block-media-text alignwide is-stacked-on-mobile is-vertically-aligned-center has-background\" style=\"background-color:#fffdea\"><figure class=\"wp-block-media-text__media\"><img loading=\"lazy\" decoding=\"async\" width=\"400\" height=\"225\" src=\"http:\/\/www.izmirsepetlivinc.com.tr\/wp-content\/uploads\/2023\/07\/carousel1.jpg\" alt=\"\" class=\"wp-image-52 size-full\" srcset=\"https:\/\/www.izmirsepetlivinc.com.tr\/wp-content\/uploads\/2023\/07\/carousel1.jpg 400w, https:\/\/www.izmirsepetlivinc.com.tr\/wp-content\/uploads\/2023\/07\/carousel1-300x169.jpg 300w\" sizes=\"auto, (max-width: 400px) 100vw, 400px\" \/><\/figure><div class=\"wp-block-media-text__content\">\n<div class=\"wp-block-group\" style=\"padding-top:2em;padding-right:2em;padding-bottom:2em;padding-left:2em\"><div class=\"wp-block-group__inner-container is-layout-flow wp-block-group-is-layout-flow\">\n<p style=\"font-size:24px;line-height:1.2\">Tabela Eri\u015fim , D\u0131\u015f cephe eri\u015fim , Y\u00fcksek yerlerde \u00e7al\u0131\u015fma gibi ihtiya\u00e7lar\u0131 kar\u015f\u0131lamak amac\u0131yla sepetli vin\u00e7 kiralama hizmetlerini Uygun ve Sorunsuz \u00e7\u00f6z\u00fcmler ile Vedat Vin\u00e7 olarak \u0130zmir ve \u00e7evre il\u00e7elerinde 7\/24 M\u00fc\u015fterilerimize hizmet vermekteyiz.<\/p>\n<\/div><\/div>\n<\/div><\/div>\n","protected":false},"excerpt":{"rendered":"","protected":false},"author":1,"featured_media":0,"parent":0,"menu_order":0,"comment_status":"closed","ping_status":"closed","template":"","meta":{"footnotes":""},"class_list":["post-126","page","type-page","status-publish","hentry","post"],"_links":{"self":[{"href":"https:\/\/www.izmirsepetlivinc.com.tr\/index.php?rest_route=\/wp\/v2\/pages\/126","targetHints":{"allow":["GET"]}}],"collection":[{"href":"https:\/\/www.izmirsepetlivinc.com.tr\/index.php?rest_route=\/wp\/v2\/pages"}],"about":[{"href":"https:\/\/www.izmirsepetlivinc.com.tr\/index.php?rest_route=\/wp\/v2\/types\/page"}],"author":[{"embeddable":true,"href":"https:\/\/www.izmirsepetlivinc.com.tr\/index.php?rest_route=\/wp\/v2\/users\/1"}],"replies":[{"embeddable":true,"href":"https:\/\/www.izmirsepetlivinc.com.tr\/index.php?rest_route=%2Fwp%2Fv2%2Fcomments&post=126"}],"version-history":[{"count":4,"href":"https:\/\/www.izmirsepetlivinc.com.tr\/index.php?rest_route=\/wp\/v2\/pages\/126\/revisions"}],"predecessor-version":[{"id":203,"href":"https:\/\/www.izmirsepetlivinc.com.tr\/index.php?rest_route=\/wp\/v2\/pages\/126\/revisions\/203"}],"wp:attachment":[{"href":"https:\/\/www.izmirsepetlivinc.com.tr\/index.php?rest_route=%2Fwp%2Fv2%2Fmedia&parent=126"}],"curies":[{"name":"wp","href":"https:\/\/api.w.org\/{rel}","templated":true}]}}